{"id":2168,"date":"2025-11-15T11:48:28","date_gmt":"2025-11-15T11:48:28","guid":{"rendered":"https:\/\/parkandpeace.com\/?page_id=2168"},"modified":"2025-11-15T11:51:12","modified_gmt":"2025-11-15T11:51:12","slug":"2168-2","status":"publish","type":"page","link":"https:\/\/parkandpeace.com\/en\/2168-2\/","title":{"rendered":"Imprint"},"content":{"rendered":"<p><\/p>\n<p class=\"is-layout-constrained wp-container-core-group-is-layout-7a4c1d99 wp-block-group-is-layout-constrained\"><\/p>\n<p class=\"is-layout-constrained wp-block-group-is-layout-constrained\"><\/p>\n<h1 class=\"wp-block-heading\" style=\"margin-top: 0px; margin-bottom: 1rem; text-align: left;\">Imprint<\/h1>\n<p><strong>Anbieter:<br><\/strong>Block Musik GmbH<br>Hohenzollernstr. 51<br>30161 Hannover<br>Gesch\u00e4ftsf\u00fchrer: Torsten Block<br>Tel.: +49 (0)172 548 28 28<\/p>\n<p>UST-ID-Nr.: DE216559928<\/p>\n<p><\/p>\n<p><strong>Urheberrecht<\/strong><br>Copyright 1998-2020 Block Musik GmbH. Alle Rechte vorbehalten. Alle Texte, Bilder, Grafiken, Ton-, Video- und Animationsdateien sowie ihre Arrangements unterliegen dem Urheberrecht und anderen Gesetzen zum Schutz geistigen Eigentums. Sie d\u00fcrfen weder f\u00fcr Handelszwecke oder zur Weitergabe kopiert, noch ver\u00e4ndert und auf anderen Web-Sites verwendet werden. Einige Seiten enthalten auch Bilder, die dem Urheberrecht derjenigen unterliegen, die diese zur Verf\u00fcgung gestellt haben.<\/p>\n<p><br><\/p>\n<p><strong>Handelsmarken<\/strong><br>Ausgewiesene Warenzeichen und Markennamen geh\u00f6ren ihren jeweiligen Eigent\u00fcmern.<\/p>\n<p><strong>Gew\u00e4hrleistung<\/strong><br>Die Informationen stellt Block Musik GmbH ohne jegliche Zusicherung oder Gew\u00e4hrleistung jedweder Art, sei sie ausdr\u00fccklich oder stillschweigend, zur Verf\u00fcgung. Ausgeschlossen sind auch alle stillschweigenden Gew\u00e4hrleistungen betreffend die Handelsf\u00e4higkeit, die Eignung f\u00fcr bestimmte Zwecke oder den Nichtversto\u00df gegen Gesetze und Patente. Auch wenn wir davon ausgehen, dass die von uns gegebenen Informationen zutreffend sind, k\u00f6nnen sie dennoch Fehler oder Ungenauigkeiten enthalten.<\/p>\n<p><strong>Lizenzrechte<\/strong><br>Block Musik GmbH m\u00f6chte Ihnen ein innovatives und informatives Internet-Programm anbieten. Wir hoffen deshalb, dass Sie sich \u00fcber unsere kreative Gestaltung genauso freuen wie wir. Wir bitten Sie aber dennoch um Verst\u00e4ndnis daf\u00fcr, dass Block Musik GmbH sein geistiges Eigentum, einschlie\u00dflich Patente, Handelsmarken und Urheberrechte, sch\u00fctzen muss und diese Internet-Seiten keinerlei Lizenzrechte an dem geistigen Eigentum von Block Musik GmbH gew\u00e4hren k\u00f6nnen.<br><strong><br><\/strong><\/p>\n<p><strong>Haftungsausschluss<\/strong><\/p>\n<p>1. Inhalt des Onlineangebotes<br>Der Autor \u00fcbernimmt keinerlei Gew\u00e4hr f\u00fcr die Aktualit\u00e4t, Korrektheit, Vollst\u00e4ndigkeit oder Qualit\u00e4t der bereitgestellten Informationen. Haftungsanspr\u00fcche gegen den Autor, welche sich auf Sch\u00e4den materieller oder ideeller Art beziehen, die durch die Nutzung oder Nichtnutzung der dargebotenen Informationen bzw. durch die Nutzung fehlerhafter und unvollst\u00e4ndiger Informationen verursacht wurden sind grunds\u00e4tzlich ausgeschlossen, sofern seitens des Autors kein nachweislich vors\u00e4tzliches oder grob fahrl\u00e4ssiges Verschulden vorliegt.<br>Alle Angebote sind freibleibend und unverbindlich. Der Autor beh\u00e4lt es sich ausdr\u00fccklich vor, Teile der Seiten oder das gesamte Angebot ohne gesonderte Ank\u00fcndigung zu ver\u00e4ndern, zu erg\u00e4nzen, zu l\u00f6schen oder die Ver\u00f6ffentlichung zeitweise oder endg\u00fcltig einzustellen.<\/p>\n<p>2. Verweise und Links<br>Bei direkten oder indirekten Verweisen auf fremde Internetseiten (\u201eLinks\u201c), die au\u00dferhalb des Verantwortungsbereiches des Autors liegen, w\u00fcrde eine Haftungsverpflichtung ausschlie\u00dflich in dem Fall in Kraft treten, in dem der Autor von den Inhalten Kenntnis hat und es ihm technisch m\u00f6glich und zumutbar w\u00e4re, die Nutzung im Falle rechtswidriger Inhalte zu verhindern.<br>Der Autor erkl\u00e4rt daher ausdr\u00fccklich, dass zum Zeitpunkt der Linksetzung die entsprechenden verlinkten Seiten frei von illegalen Inhalten waren. Der Autor hat keinerlei Einfluss auf die aktuelle und zuk\u00fcnftige Gestaltung und auf die Inhalte der gelinkten\/verkn\u00fcpften Seiten. Deshalb distanziert er sich hiermit ausdr\u00fccklich von allen Inhalten aller gelinkten \/verkn\u00fcpften Seiten, die nach der Linksetzung ver\u00e4ndert wurden. Diese Feststellung gilt f\u00fcr alle innerhalb des eigenen Internetangebotes gesetzten Links und Verweise sowie f\u00fcr Fremdeintr\u00e4ge in vom Autor eingerichteten G\u00e4steb\u00fcchern, Diskussionsforen und Mailinglisten. F\u00fcr illegale, fehlerhafte oder unvollst\u00e4ndige Inhalte und insbesondere f\u00fcr Sch\u00e4den, die aus der Nutzung oder Nichtnutzung solcherart dargebotener Informationen entstehen, haftet allein der Anbieter der Seite, auf welche verwiesen wurde, nicht derjenige, der \u00fcber Links auf die jeweilige Ver\u00f6ffentlichung lediglich verweist.<\/p>\n<p>3. Urheber- und Kennzeichenrecht<br>Der Autor ist bestrebt, in allen Publikationen die Urheberrechte der verwendeten Grafiken, Tondokumente, Videosequenzen und Texte zu beachten, von ihm selbst erstellte Grafiken, Tondokumente, Videosequenzen und Texte zu nutzen oder auf lizenzfreie Grafiken, Tondokumente, Videosequenzen und Texte zur\u00fcckzugreifen.<br>Alle innerhalb des Internetangebotes genannten und ggf. durch Dritte gesch\u00fctzten Marken- und Warenzeichen unterliegen uneingeschr\u00e4nkt den Bestimmungen des jeweils g\u00fcltigen Kennzeichenrechts und den Besitzrechten der jeweiligen eingetragenen Eigent\u00fcmer. Allein aufgrund der blo\u00dfen Nennung ist nicht der Schluss zu ziehen, dass Markenzeichen nicht durch Rechte Dritter gesch\u00fctzt sind!<br>Das Copyright f\u00fcr ver\u00f6ffentlichte, vom Autor selbst erstellte Objekte bleibt allein beim Autor der Seiten. Eine Vervielf\u00e4ltigung oder Verwendung solcher Grafiken, Tondokumente, Videosequenzen und Texte in anderen elektronischen oder gedruckten Publikationen ist ohne ausdr\u00fcckliche Zustimmung des Autors nicht gestattet.<\/p>\n<p>4. Rechtswirksamkeit dieses Haftungsausschlusses<br>Dieser Haftungsausschluss ist als Teil des Internetangebotes zu betrachten, von dem aus auf diese Seite verwiesen wurde. Sofern Teile oder einzelne Formulierungen dieses Textes der geltenden Rechtslage nicht, nicht mehr oder nicht vollst\u00e4ndig entsprechen sollten, bleiben die \u00fcbrigen Teile des Dokumentes in ihrem Inhalt und ihrer G\u00fcltigkeit davon unber\u00fchrt.<\/p>\n<p><strong><br>Disclaimer<\/strong><\/p>\n<p>1. Online-contents<br>The author reserves the right not to be responsible for the topicality, correctness, completeness or quality of the information provided. Liability claims regarding damage caused by the use of any information provided, including any kind of information which is incomplete or incorrect, will therefore be rejected.<br>All offers are not-binding and without obligation. Parts of the pages or the complete publication including all offers and information might be extended, changed or partly or completely deleted by the author without separate announcement.<\/p>\n<p>2. Referrals and links<br>The Author is not responsible for any contents linked or referred to from his pages \u2013 unless he has full knowlegde of illegal contents and would be able to prevent the visitors of his site from viewing those pages. If any damage occurs by the use of information presented there, only the author of the respective pages might be liable, not the one who has linked to these pages. Furthermore the author is not liable for any postings or messages published by users of discussion boards, guestbooks or mailinglists provided on his page.<\/p>\n<p>3. Copyright<br>The author intended not to use any copyrighted material for the publication or, if not possible, to indicate the copyright of the respective object.<br>The copyright for any material created by the author is reserved. Any duplication or use of such diagrams, sounds or texts in other electronic or printed publications is not permitted without the author\u2019s agreement.<\/p>\n<p>4. Legal force of this disclaimer<br>This disclaimer is to be regarded as part of the internet publication which you were referred from. If sections or individual formulations of this text are not legal or correct, the content or validity of the other parts remain uninfluenced by this&nbsp;<\/p>\n<p><div class=\"wp-block-query-no-results\"><\/p>\n<p><\/div><\/p>\n<p><\/p>\n<p><\/p>","protected":false},"excerpt":{"rendered":"<p>Impressum Anbieter:Block Musik GmbHHohenzollernstr. 5130161 HannoverGesch\u00e4ftsf\u00fchrer: Torsten BlockTel.: +49 (0)172 548 28 28 UST-ID-Nr.: DE216559928 UrheberrechtCopyright 1998-2020 Block Musik GmbH. Alle Rechte vorbehalten. Alle Texte, Bilder, Grafiken, Ton-, Video- und Animationsdateien sowie ihre Arrangements unterliegen dem Urheberrecht und anderen Gesetzen zum Schutz geistigen Eigentums. Sie d\u00fcrfen weder f\u00fcr Handelszwecke oder zur Weitergabe kopiert, noch ver\u00e4ndert [&hellip;]<\/p>\n","protected":false},"author":1,"featured_media":0,"parent":0,"menu_order":0,"comment_status":"closed","ping_status":"closed","template":"","meta":{"site-sidebar-layout":"default","site-content-layout":"","ast-site-content-layout":"default","site-content-style":"default","site-sidebar-style":"default","ast-global-header-display":"","ast-banner-title-visibility":"","ast-main-header-display":"","ast-hfb-above-header-display":"","ast-hfb-below-header-display":"","ast-hfb-mobile-header-display":"","site-post-title":"","ast-breadcrumbs-content":"","ast-featured-img":"","footer-sml-layout":"","ast-disable-related-posts":"","theme-transparent-header-meta":"","adv-header-id-meta":"","stick-header-meta":"","header-above-stick-meta":"","header-main-stick-meta":"","header-below-stick-meta":"","astra-migrate-meta-layouts":"set","ast-page-background-enabled":"default","ast-page-background-meta":{"desktop":{"background-color":"var(--ast-global-color-4)","background-image":"","background-repeat":"repeat","background-position":"center center","background-size":"auto","background-attachment":"scroll","background-type":"","background-media":"","overlay-type":"","overlay-color":"","overlay-opacity":"","overlay-gradient":""},"tablet":{"background-color":"","background-image":"","background-repeat":"repeat","background-position":"center center","background-size":"auto","background-attachment":"scroll","background-type":"","background-media":"","overlay-type":"","overlay-color":"","overlay-opacity":"","overlay-gradient":""},"mobile":{"background-color":"","background-image":"","background-repeat":"repeat","background-position":"center center","background-size":"auto","background-attachment":"scroll","background-type":"","background-media":"","overlay-type":"","overlay-color":"","overlay-opacity":"","overlay-gradient":""}},"ast-content-background-meta":{"desktop":{"background-color":"var(--ast-global-color-5)","background-image":"","background-repeat":"repeat","background-position":"center center","background-size":"auto","background-attachment":"scroll","background-type":"","background-media":"","overlay-type":"","overlay-color":"","overlay-opacity":"","overlay-gradient":""},"tablet":{"background-color":"var(--ast-global-color-5)","background-image":"","background-repeat":"repeat","background-position":"center center","background-size":"auto","background-attachment":"scroll","background-type":"","background-media":"","overlay-type":"","overlay-color":"","overlay-opacity":"","overlay-gradient":""},"mobile":{"background-color":"var(--ast-global-color-5)","background-image":"","background-repeat":"repeat","background-position":"center center","background-size":"auto","background-attachment":"scroll","background-type":"","background-media":"","overlay-type":"","overlay-color":"","overlay-opacity":"","overlay-gradient":""}},"footnotes":""},"class_list":["post-2168","page","type-page","status-publish","hentry"],"_links":{"self":[{"href":"https:\/\/parkandpeace.com\/en\/wp-json\/wp\/v2\/pages\/2168","targetHints":{"allow":["GET"]}}],"collection":[{"href":"https:\/\/parkandpeace.com\/en\/wp-json\/wp\/v2\/pages"}],"about":[{"href":"https:\/\/parkandpeace.com\/en\/wp-json\/wp\/v2\/types\/page"}],"author":[{"embeddable":true,"href":"https:\/\/parkandpeace.com\/en\/wp-json\/wp\/v2\/users\/1"}],"replies":[{"embeddable":true,"href":"https:\/\/parkandpeace.com\/en\/wp-json\/wp\/v2\/comments?post=2168"}],"version-history":[{"count":8,"href":"https:\/\/parkandpeace.com\/en\/wp-json\/wp\/v2\/pages\/2168\/revisions"}],"predecessor-version":[{"id":2177,"href":"https:\/\/parkandpeace.com\/en\/wp-json\/wp\/v2\/pages\/2168\/revisions\/2177"}],"wp:attachment":[{"href":"https:\/\/parkandpeace.com\/en\/wp-json\/wp\/v2\/media?parent=2168"}],"curies":[{"name":"wp","href":"https:\/\/api.w.org\/{rel}","templated":true}]}}